{"id":279,"date":"2022-03-31T15:22:38","date_gmt":"2022-03-31T15:22:38","guid":{"rendered":"http:\/\/huitresamelie.com\/?page_id=279"},"modified":"2022-07-28T12:11:13","modified_gmt":"2022-07-28T10:11:13","slug":"les-huitres","status":"publish","type":"page","link":"https:\/\/huitresamelie.com\/es\/les-huitres\/","title":{"rendered":"Les Hu\u00eetres"},"content":{"rendered":"<p>Am\u00e9lie es una maison d\u00b4hu\u00eetres francesa cuyo arte se basa en el \u201csavoir-faire\u201d de los mejores criadores, que cultivan y seleccionan ostras excepcionales.\u00a0 la riqueza de Marennes-Ol\u00e9ron dota a las ostras Am\u00e9lie de un afinado sutil y una notable finura, codiciada por los mejores chefs y los paladares m\u00e1s exquisitos.<\/p>\n<p>&nbsp;<\/p>\n<p><img loading=\"lazy\" decoding=\"async\" class=\"alignnone wp-image-522\" src=\"http:\/\/huitresamelie.com\/wp-content\/uploads\/2022\/05\/ostras-contact-300x179.png\" alt=\"\" width=\"498\" height=\"297\" srcset=\"https:\/\/huitresamelie.com\/wp-content\/uploads\/2022\/05\/ostras-contact-300x179.png 300w, https:\/\/huitresamelie.com\/wp-content\/uploads\/2022\/05\/ostras-contact-600x357.png 600w, https:\/\/huitresamelie.com\/wp-content\/uploads\/2022\/05\/ostras-contact-1024x610.png 1024w, https:\/\/huitresamelie.com\/wp-content\/uploads\/2022\/05\/ostras-contact-768x457.png 768w, https:\/\/huitresamelie.com\/wp-content\/uploads\/2022\/05\/ostras-contact.png 1345w\" sizes=\"auto, (max-width: 498px) 100vw, 498px\" \/><\/p>\n","protected":false},"excerpt":{"rendered":"<p>Am\u00e9lie es una maison d\u00b4hu\u00eetres francesa cuyo arte se basa en el \u201csavoir-faire\u201d de los mejores criadores, que cultivan y seleccionan ostras excepcionales.\u00a0 la riqueza de Marennes-Ol\u00e9ron dota a las ostras Am\u00e9lie de un afinado sutil y una notable finura, codiciada por los mejores chefs y los paladares m\u00e1s exquisitos. &nbsp;<\/p>\n","protected":false},"author":3,"featured_media":0,"parent":0,"menu_order":0,"comment_status":"closed","ping_status":"closed","template":"page-huitres.php","meta":{"_acf_changed":false,"footnotes":""},"class_list":["post-279","page","type-page","status-publish","hentry"],"acf":[],"yoast_head":"<!-- This site is optimized with the Yoast SEO plugin v27.5 - https:\/\/yoast.com\/product\/yoast-seo-wordpress\/ -->\n<title>Les Hu\u00eetres - huitresamelie.com<\/title>\n<meta name=\"description\" content=\"-1389\" \/>\n<meta name=\"robots\" content=\"index, follow, max-snippet:-1, max-image-preview:large, max-video-preview:-1\" \/>\n<link rel=\"canonical\" href=\"https:\/\/huitresamelie.com\/es\/les-huitres\/\" \/>\n<meta property=\"og:locale\" content=\"es_ES\" \/>\n<meta property=\"og:type\" content=\"article\" \/>\n<meta property=\"og:title\" content=\"Les Hu\u00eetres - huitresamelie.com\" \/>\n<meta property=\"og:description\" content=\"-1389\" \/>\n<meta property=\"og:url\" content=\"https:\/\/huitresamelie.com\/es\/les-huitres\/\" \/>\n<meta property=\"og:site_name\" content=\"huitresamelie.com\" \/>\n<meta property=\"article:modified_time\" content=\"2022-07-28T10:11:13+00:00\" \/>\n<meta property=\"og:image\" content=\"http:\/\/huitresamelie.com\/wp-content\/uploads\/2022\/05\/ostras-contact-300x179.png\" \/>\n<meta name=\"twitter:card\" content=\"summary_large_image\" \/>\n<meta name=\"twitter:label1\" content=\"Tiempo de lectura\" \/>\n\t<meta name=\"twitter:data1\" content=\"1 minuto\" \/>\n<script type=\"application\/ld+json\" class=\"yoast-schema-graph\">{\"@context\":\"https:\\\/\\\/schema.org\",\"@graph\":[{\"@type\":\"WebPage\",\"@id\":\"https:\\\/\\\/huitresamelie.com\\\/es\\\/les-huitres\\\/\",\"url\":\"https:\\\/\\\/huitresamelie.com\\\/es\\\/les-huitres\\\/\",\"name\":\"Les Hu\u00eetres - huitresamelie.com\",\"isPartOf\":{\"@id\":\"https:\\\/\\\/huitresamelie.com\\\/es\\\/#website\"},\"primaryImageOfPage\":{\"@id\":\"https:\\\/\\\/huitresamelie.com\\\/es\\\/les-huitres\\\/#primaryimage\"},\"image\":{\"@id\":\"https:\\\/\\\/huitresamelie.com\\\/es\\\/les-huitres\\\/#primaryimage\"},\"thumbnailUrl\":\"http:\\\/\\\/huitresamelie.com\\\/wp-content\\\/uploads\\\/2022\\\/05\\\/ostras-contact-300x179.png\",\"datePublished\":\"2022-03-31T15:22:38+00:00\",\"dateModified\":\"2022-07-28T10:11:13+00:00\",\"description\":\"-1389\",\"breadcrumb\":{\"@id\":\"https:\\\/\\\/huitresamelie.com\\\/es\\\/les-huitres\\\/#breadcrumb\"},\"inLanguage\":\"es\",\"potentialAction\":[{\"@type\":\"ReadAction\",\"target\":[\"https:\\\/\\\/huitresamelie.com\\\/es\\\/les-huitres\\\/\"]}]},{\"@type\":\"ImageObject\",\"inLanguage\":\"es\",\"@id\":\"https:\\\/\\\/huitresamelie.com\\\/es\\\/les-huitres\\\/#primaryimage\",\"url\":\"http:\\\/\\\/huitresamelie.com\\\/wp-content\\\/uploads\\\/2022\\\/05\\\/ostras-contact-300x179.png\",\"contentUrl\":\"http:\\\/\\\/huitresamelie.com\\\/wp-content\\\/uploads\\\/2022\\\/05\\\/ostras-contact-300x179.png\"},{\"@type\":\"BreadcrumbList\",\"@id\":\"https:\\\/\\\/huitresamelie.com\\\/es\\\/les-huitres\\\/#breadcrumb\",\"itemListElement\":[{\"@type\":\"ListItem\",\"position\":1,\"name\":\"Portada\",\"item\":\"https:\\\/\\\/huitresamelie.com\\\/es\\\/\"},{\"@type\":\"ListItem\",\"position\":2,\"name\":\"Les Hu\u00eetres\"}]},{\"@type\":\"WebSite\",\"@id\":\"https:\\\/\\\/huitresamelie.com\\\/es\\\/#website\",\"url\":\"https:\\\/\\\/huitresamelie.com\\\/es\\\/\",\"name\":\"huitresamelie.com\",\"description\":\"Les Huitres\",\"publisher\":{\"@id\":\"https:\\\/\\\/huitresamelie.com\\\/es\\\/#organization\"},\"potentialAction\":[{\"@type\":\"SearchAction\",\"target\":{\"@type\":\"EntryPoint\",\"urlTemplate\":\"https:\\\/\\\/huitresamelie.com\\\/es\\\/?s={search_term_string}\"},\"query-input\":{\"@type\":\"PropertyValueSpecification\",\"valueRequired\":true,\"valueName\":\"search_term_string\"}}],\"inLanguage\":\"es\"},{\"@type\":\"Organization\",\"@id\":\"https:\\\/\\\/huitresamelie.com\\\/es\\\/#organization\",\"name\":\"Hu\u00eetres Am\u00e9lie\",\"url\":\"https:\\\/\\\/huitresamelie.com\\\/es\\\/\",\"logo\":{\"@type\":\"ImageObject\",\"inLanguage\":\"es\",\"@id\":\"https:\\\/\\\/huitresamelie.com\\\/es\\\/#\\\/schema\\\/logo\\\/image\\\/\",\"url\":\"http:\\\/\\\/huitresamelie.com\\\/wp-content\\\/uploads\\\/2022\\\/05\\\/AMELIE-LOGO-2.png\",\"contentUrl\":\"http:\\\/\\\/huitresamelie.com\\\/wp-content\\\/uploads\\\/2022\\\/05\\\/AMELIE-LOGO-2.png\",\"width\":500,\"height\":500,\"caption\":\"Hu\u00eetres Am\u00e9lie\"},\"image\":{\"@id\":\"https:\\\/\\\/huitresamelie.com\\\/es\\\/#\\\/schema\\\/logo\\\/image\\\/\"}}]}<\/script>\n<!-- \/ Yoast SEO plugin. -->","yoast_head_json":{"title":"Les Hu\u00eetres - huitresamelie.com","description":"-1389","robots":{"index":"index","follow":"follow","max-snippet":"max-snippet:-1","max-image-preview":"max-image-preview:large","max-video-preview":"max-video-preview:-1"},"canonical":"https:\/\/huitresamelie.com\/es\/les-huitres\/","og_locale":"es_ES","og_type":"article","og_title":"Les Hu\u00eetres - huitresamelie.com","og_description":"-1389","og_url":"https:\/\/huitresamelie.com\/es\/les-huitres\/","og_site_name":"huitresamelie.com","article_modified_time":"2022-07-28T10:11:13+00:00","og_image":[{"url":"http:\/\/huitresamelie.com\/wp-content\/uploads\/2022\/05\/ostras-contact-300x179.png","type":"","width":"","height":""}],"twitter_card":"summary_large_image","twitter_misc":{"Tiempo de lectura":"1 minuto"},"schema":{"@context":"https:\/\/schema.org","@graph":[{"@type":"WebPage","@id":"https:\/\/huitresamelie.com\/es\/les-huitres\/","url":"https:\/\/huitresamelie.com\/es\/les-huitres\/","name":"Les Hu\u00eetres - huitresamelie.com","isPartOf":{"@id":"https:\/\/huitresamelie.com\/es\/#website"},"primaryImageOfPage":{"@id":"https:\/\/huitresamelie.com\/es\/les-huitres\/#primaryimage"},"image":{"@id":"https:\/\/huitresamelie.com\/es\/les-huitres\/#primaryimage"},"thumbnailUrl":"http:\/\/huitresamelie.com\/wp-content\/uploads\/2022\/05\/ostras-contact-300x179.png","datePublished":"2022-03-31T15:22:38+00:00","dateModified":"2022-07-28T10:11:13+00:00","description":"-1389","breadcrumb":{"@id":"https:\/\/huitresamelie.com\/es\/les-huitres\/#breadcrumb"},"inLanguage":"es","potentialAction":[{"@type":"ReadAction","target":["https:\/\/huitresamelie.com\/es\/les-huitres\/"]}]},{"@type":"ImageObject","inLanguage":"es","@id":"https:\/\/huitresamelie.com\/es\/les-huitres\/#primaryimage","url":"http:\/\/huitresamelie.com\/wp-content\/uploads\/2022\/05\/ostras-contact-300x179.png","contentUrl":"http:\/\/huitresamelie.com\/wp-content\/uploads\/2022\/05\/ostras-contact-300x179.png"},{"@type":"BreadcrumbList","@id":"https:\/\/huitresamelie.com\/es\/les-huitres\/#breadcrumb","itemListElement":[{"@type":"ListItem","position":1,"name":"Portada","item":"https:\/\/huitresamelie.com\/es\/"},{"@type":"ListItem","position":2,"name":"Les Hu\u00eetres"}]},{"@type":"WebSite","@id":"https:\/\/huitresamelie.com\/es\/#website","url":"https:\/\/huitresamelie.com\/es\/","name":"huitresamelie.com","description":"Les Huitres","publisher":{"@id":"https:\/\/huitresamelie.com\/es\/#organization"},"potentialAction":[{"@type":"SearchAction","target":{"@type":"EntryPoint","urlTemplate":"https:\/\/huitresamelie.com\/es\/?s={search_term_string}"},"query-input":{"@type":"PropertyValueSpecification","valueRequired":true,"valueName":"search_term_string"}}],"inLanguage":"es"},{"@type":"Organization","@id":"https:\/\/huitresamelie.com\/es\/#organization","name":"Hu\u00eetres Am\u00e9lie","url":"https:\/\/huitresamelie.com\/es\/","logo":{"@type":"ImageObject","inLanguage":"es","@id":"https:\/\/huitresamelie.com\/es\/#\/schema\/logo\/image\/","url":"http:\/\/huitresamelie.com\/wp-content\/uploads\/2022\/05\/AMELIE-LOGO-2.png","contentUrl":"http:\/\/huitresamelie.com\/wp-content\/uploads\/2022\/05\/AMELIE-LOGO-2.png","width":500,"height":500,"caption":"Hu\u00eetres Am\u00e9lie"},"image":{"@id":"https:\/\/huitresamelie.com\/es\/#\/schema\/logo\/image\/"}}]}},"_links":{"self":[{"href":"https:\/\/huitresamelie.com\/es\/wp-json\/wp\/v2\/pages\/279","targetHints":{"allow":["GET"]}}],"collection":[{"href":"https:\/\/huitresamelie.com\/es\/wp-json\/wp\/v2\/pages"}],"about":[{"href":"https:\/\/huitresamelie.com\/es\/wp-json\/wp\/v2\/types\/page"}],"author":[{"embeddable":true,"href":"https:\/\/huitresamelie.com\/es\/wp-json\/wp\/v2\/users\/3"}],"replies":[{"embeddable":true,"href":"https:\/\/huitresamelie.com\/es\/wp-json\/wp\/v2\/comments?post=279"}],"version-history":[{"count":23,"href":"https:\/\/huitresamelie.com\/es\/wp-json\/wp\/v2\/pages\/279\/revisions"}],"predecessor-version":[{"id":834,"href":"https:\/\/huitresamelie.com\/es\/wp-json\/wp\/v2\/pages\/279\/revisions\/834"}],"wp:attachment":[{"href":"https:\/\/huitresamelie.com\/es\/wp-json\/wp\/v2\/media?parent=279"}],"curies":[{"name":"wp","href":"https:\/\/api.w.org\/{rel}","templated":true}]}}